{"id":181,"date":"2015-02-04T17:46:15","date_gmt":"2015-02-04T16:46:15","guid":{"rendered":"http:\/\/www.automobile-rodmann.de\/?page_id=181"},"modified":"2021-10-17T09:20:25","modified_gmt":"2021-10-17T08:20:25","slug":"galerie","status":"publish","type":"page","link":"https:\/\/www.automobile-rodmann.de\/?page_id=181","title":{"rendered":"Galerie\/Tuning"},"content":{"rendered":"<h3><span style=\"color: #ccffcc;\">Allgemein werden unter Tuning neben Ver\u00e4nderungen am Motor auch Ver\u00e4nderungen verstanden, die die Fahrwerkeigenschaften und reine <a style=\"color: #ccffcc;\" title=\"Design\" href=\"https:\/\/de.wikipedia.org\/wiki\/Design\">Designaspekte<\/a> (Karosserieform und -farbe) betreffen. Unternehmen, die professionell Fahrzeugtuning anbieten, werden allgemein als <span style=\"color: #ff0000;\"><i>Fahrzeugtuner<\/i><\/span> oder einfach <span style=\"color: #ff0000;\"><i>Tuner<\/i><\/span> bezeichnet.<\/span><\/h3>\n<h3><span style=\"color: #ccffcc;\">F\u00fcr weitreichende Eingriffe in Motorisierung und\/oder Karosserie in Verbindung mit umfangreichen Individualanfertigungen wird mittlerweile auch im deutschsprachigen Raum der in den <a style=\"color: #ccffcc;\" title=\"Vereinigte Staaten\" href=\"https:\/\/de.wikipedia.org\/wiki\/Vereinigte_Staaten\">USA<\/a> gebr\u00e4uchliche Begriff <a style=\"color: #ccffcc;\" title=\"Customizing\" href=\"https:\/\/de.wikipedia.org\/wiki\/Customizing\">Customizing<\/a> verwendet. Eine eindeutige Abgrenzung der Bezeichnungen \u201eTuning\u201c und \u201eCustomizing\u201c ist letztlich nicht m\u00f6glich. Siehe dazu auch <a style=\"color: #ccffcc;\" title=\"Custom Car\" href=\"https:\/\/de.wikipedia.org\/wiki\/Custom_Car\">Custom Car<\/a> und <a style=\"color: #ccffcc;\" title=\"Custombike\" href=\"https:\/\/de.wikipedia.org\/wiki\/Custombike\">Custombike<\/a>.<\/span><\/h3>\n<h3><span style=\"color: #ccffcc;\">Beim Fahrzeugtuning unterscheidet man zwischen <span style=\"color: #ff0000;\"><i>Motortuning<\/i><\/span>, <span style=\"color: #ff0000;\"><i>Fahrwerkstuning<\/i><\/span>, <span style=\"color: #ff0000;\"><i>Karosserietuning<\/i> <\/span>und<span style=\"color: #ff0000;\"> <i>Interieurtuning<\/i><\/span>.\u00a0 <\/span><\/h3>\n<h6><span style=\"color: #ccffcc;\"><em>Quelle Wikepedia<\/em><br \/>\n<\/span><\/h6>\n<h3><span style=\"color: #ccffcc;\">\u00a0<\/span><\/h3>\n<h2><span style=\"color: #ccffcc;\">Hier finden sie einige Fahrzeuge und andere Bilder die in Verbindung mit uns entstanden sind:<\/span><\/h2>\n<h1><span style=\"color: #ff0000;\">Volkswagen T6 Caravelle mit Offroad-Umbau:<\/span><\/h1>\n<h3><span style=\"color: #999999;\">Auf Kundenwunsch wurde in unserem EU-Programm der &#8222;T6&#8220; zusammengestellt.<\/span><\/h3>\n<h3><span style=\"color: #999999;\">Hierbei handelt es sich um einen\u00a0Volkswagen T6 Caravelle 2,0 Diesel, 150Kw,\u00a0 4Motion mit <\/span><span style=\"color: #999999;\">Led Scheinwerfer, Navigationssystem, Allrad uvm.<\/span><\/h3>\n<h3><span style=\"color: #999999;\">Aufgrund der vielen Eins\u00e4tze in verschiedenen Gel\u00e4nden, haben wir uns zusammen mit dem Kunden ein Konzept ausgedacht, was es als Beispiel schon mehrmals gab und auch damit geworben wird von einer bekannten Offroad Firma.<\/span><\/h3>\n<h3><span style=\"color: #999999;\"> Die H\u00f6herlegung (3 cm) gibt es von 2 verschiedenen Fahrwerksherstellern, schon bei der Montage mussten wir einige \u00c4nderungen vom &#8222;T5&#8220; zum &#8222;T6&#8220; feststellen, diese konnten wir aber durch einige von uns entwickelte Teile beheben.<\/span><\/h3>\n<h3><span style=\"color: #999999;\">Der verbaute Felgensatz.Konnte mit Sonderanfertigungen und extra Teilen bzw einer anderen Offroadreifen gr\u00f6\u00dfe, Ordnungsgem\u00e4\u00df verbaut werden.<\/span><\/h3>\n<h3><span style=\"color: #999999;\">Mittlerweile haben wir das Projekt beendet und k\u00f6nnen mit Stolz sagen das wir ein Konzept auf die Strasse gebracht haben was so detaliert gar nicht m\u00f6glich ist. Es erfolgt jetzt noch der Anbau einiger extras welche die Offroad Optik noch best\u00e4rken.<\/span><\/h3>\n<h3><span style=\"color: #999999;\">Falls der Wunsch besteht seinen &#8222;T5&#8220; oder &#8222;T6&#8220; so umzubauen oder bei uns Umbauen zu lassen k\u00f6nnen sie sich jederzeit bei uns melden.<\/span><\/h3>\n<p><a href=\"https:\/\/www.automobile-rodmann.de\/wp-content\/uploads\/2015\/01\/IMG_0102.jpg\"><img loading=\"lazy\" decoding=\"async\" class=\"alignnone size-full wp-image-254\" src=\"https:\/\/www.automobile-rodmann.de\/wp-content\/uploads\/2015\/01\/IMG_0102.jpg\" alt=\"IMG_0102\" width=\"1976\" height=\"1125\" \/><\/a><a href=\"https:\/\/www.automobile-rodmann.de\/wp-content\/uploads\/2015\/02\/IMG_0104.jpg\"><img loading=\"lazy\" decoding=\"async\" class=\"alignnone  wp-image-258\" src=\"https:\/\/www.automobile-rodmann.de\/wp-content\/uploads\/2015\/02\/IMG_0104-300x206.jpg\" alt=\"IMG_0104\" width=\"262\" height=\"180\" srcset=\"https:\/\/www.automobile-rodmann.de\/wp-content\/uploads\/2015\/02\/IMG_0104-300x206.jpg 300w, https:\/\/www.automobile-rodmann.de\/wp-content\/uploads\/2015\/02\/IMG_0104-1024x703.jpg 1024w, https:\/\/www.automobile-rodmann.de\/wp-content\/uploads\/2015\/02\/IMG_0104.jpg 1576w\" sizes=\"auto, (max-width: 262px) 100vw, 262px\" \/><\/a><a href=\"https:\/\/www.automobile-rodmann.de\/wp-content\/uploads\/2015\/02\/IMG_0125.jpg\"><img loading=\"lazy\" decoding=\"async\" class=\"wp-image-259 alignright\" src=\"https:\/\/www.automobile-rodmann.de\/wp-content\/uploads\/2015\/02\/IMG_0125-300x195.jpg\" alt=\"IMG_0125\" width=\"280\" height=\"182\" srcset=\"https:\/\/www.automobile-rodmann.de\/wp-content\/uploads\/2015\/02\/IMG_0125-300x195.jpg 300w, https:\/\/www.automobile-rodmann.de\/wp-content\/uploads\/2015\/02\/IMG_0125-1024x666.jpg 1024w, https:\/\/www.automobile-rodmann.de\/wp-content\/uploads\/2015\/02\/IMG_0125.jpg 1112w\" sizes=\"auto, (max-width: 280px) 100vw, 280px\" \/><\/a><a href=\"https:\/\/www.automobile-rodmann.de\/wp-content\/uploads\/2015\/02\/IMG_0118.jpg\"><img loading=\"lazy\" decoding=\"async\" class=\"alignnone size-medium wp-image-260\" src=\"https:\/\/www.automobile-rodmann.de\/wp-content\/uploads\/2015\/02\/IMG_0118-300x190.jpg\" alt=\"IMG_0118\" width=\"300\" height=\"190\" srcset=\"https:\/\/www.automobile-rodmann.de\/wp-content\/uploads\/2015\/02\/IMG_0118-300x190.jpg 300w, https:\/\/www.automobile-rodmann.de\/wp-content\/uploads\/2015\/02\/IMG_0118-1024x649.jpg 1024w, https:\/\/www.automobile-rodmann.de\/wp-content\/uploads\/2015\/02\/IMG_0118.jpg 1356w\" sizes=\"auto, (max-width: 300px) 100vw, 300px\" \/><\/a><\/p>\n<h2><span style=\"color: #ff0000;\">Verkaufs\/Kundenfahrzeuge<\/span><\/h2>\n<div id='gallery-1' class='gallery galleryid-181 gallery-columns-3 gallery-size-thumbnail'><dl class='gallery-item'>\n\t\t\t<dt class='gallery-icon landscape'>\n\t\t\t\t<a href='https:\/\/www.automobile-rodmann.de\/?attachment_id=193#main'><img loading=\"lazy\" decoding=\"async\" width=\"150\" height=\"150\" src=\"https:\/\/www.automobile-rodmann.de\/wp-content\/uploads\/2015\/02\/20150202_0935401-150x150.jpg\" class=\"attachment-thumbnail size-thumbnail\" alt=\"\" srcset=\"https:\/\/www.automobile-rodmann.de\/wp-content\/uploads\/2015\/02\/20150202_0935401-150x150.jpg 150w, https:\/\/www.automobile-rodmann.de\/wp-content\/uploads\/2015\/02\/20150202_0935401-160x160.jpg 160w\" sizes=\"auto, (max-width: 150px) 100vw, 150px\" \/><\/a>\n\t\t\t<\/dt><\/dl><dl class='gallery-item'>\n\t\t\t<dt class='gallery-icon landscape'>\n\t\t\t\t<a href='https:\/\/www.automobile-rodmann.de\/?attachment_id=182#main'><img loading=\"lazy\" decoding=\"async\" width=\"150\" height=\"113\" src=\"https:\/\/www.automobile-rodmann.de\/wp-content\/uploads\/2015\/02\/20150202_092718.jpg\" class=\"attachment-thumbnail size-thumbnail\" alt=\"\" \/><\/a>\n\t\t\t<\/dt><\/dl><dl class='gallery-item'>\n\t\t\t<dt class='gallery-icon landscape'>\n\t\t\t\t<a href='https:\/\/www.automobile-rodmann.de\/?attachment_id=184#main'><img loading=\"lazy\" decoding=\"async\" width=\"150\" height=\"150\" src=\"https:\/\/www.automobile-rodmann.de\/wp-content\/uploads\/2015\/02\/20150202_091022-150x150.jpg\" class=\"attachment-thumbnail size-thumbnail\" alt=\"\" srcset=\"https:\/\/www.automobile-rodmann.de\/wp-content\/uploads\/2015\/02\/20150202_091022-150x150.jpg 150w, https:\/\/www.automobile-rodmann.de\/wp-content\/uploads\/2015\/02\/20150202_091022-160x160.jpg 160w\" sizes=\"auto, (max-width: 150px) 100vw, 150px\" \/><\/a>\n\t\t\t<\/dt><\/dl><br style=\"clear: both\" \/><dl class='gallery-item'>\n\t\t\t<dt class='gallery-icon landscape'>\n\t\t\t\t<a href='https:\/\/www.automobile-rodmann.de\/?attachment_id=187#main'><img loading=\"lazy\" decoding=\"async\" width=\"150\" height=\"113\" src=\"https:\/\/www.automobile-rodmann.de\/wp-content\/uploads\/2015\/02\/20140805_155808.jpg\" class=\"attachment-thumbnail size-thumbnail\" alt=\"\" \/><\/a>\n\t\t\t<\/dt><\/dl><dl class='gallery-item'>\n\t\t\t<dt class='gallery-icon landscape'>\n\t\t\t\t<a href='https:\/\/www.automobile-rodmann.de\/?attachment_id=188#main'><img loading=\"lazy\" decoding=\"async\" width=\"150\" height=\"83\" src=\"https:\/\/www.automobile-rodmann.de\/wp-content\/uploads\/2015\/02\/20140717_143117.jpg\" class=\"attachment-thumbnail size-thumbnail\" alt=\"\" \/><\/a>\n\t\t\t<\/dt><\/dl><dl class='gallery-item'>\n\t\t\t<dt class='gallery-icon landscape'>\n\t\t\t\t<a href='https:\/\/www.automobile-rodmann.de\/?attachment_id=58#main'><img loading=\"lazy\" decoding=\"async\" width=\"150\" height=\"150\" src=\"https:\/\/www.automobile-rodmann.de\/wp-content\/uploads\/2015\/01\/20140807_1611261-150x150.jpg\" class=\"attachment-thumbnail size-thumbnail\" alt=\"\" srcset=\"https:\/\/www.automobile-rodmann.de\/wp-content\/uploads\/2015\/01\/20140807_1611261-150x150.jpg 150w, https:\/\/www.automobile-rodmann.de\/wp-content\/uploads\/2015\/01\/20140807_1611261-160x160.jpg 160w\" sizes=\"auto, (max-width: 150px) 100vw, 150px\" \/><\/a>\n\t\t\t<\/dt><\/dl><br style=\"clear: both\" \/><dl class='gallery-item'>\n\t\t\t<dt class='gallery-icon landscape'>\n\t\t\t\t<a href='https:\/\/www.automobile-rodmann.de\/?attachment_id=73#main'><img loading=\"lazy\" decoding=\"async\" width=\"150\" height=\"62\" src=\"https:\/\/www.automobile-rodmann.de\/wp-content\/uploads\/2015\/01\/hintergrund11.jpg\" class=\"attachment-thumbnail size-thumbnail\" alt=\"\" \/><\/a>\n\t\t\t<\/dt><\/dl><dl class='gallery-item'>\n\t\t\t<dt class='gallery-icon landscape'>\n\t\t\t\t<a href='https:\/\/www.automobile-rodmann.de\/?attachment_id=89#main'><img loading=\"lazy\" decoding=\"async\" width=\"150\" height=\"146\" src=\"https:\/\/www.automobile-rodmann.de\/wp-content\/uploads\/2015\/01\/20140905_1647101.jpg\" class=\"attachment-thumbnail size-thumbnail\" alt=\"\" \/><\/a>\n\t\t\t<\/dt><\/dl><dl class='gallery-item'>\n\t\t\t<dt class='gallery-icon landscape'>\n\t\t\t\t<a href='https:\/\/www.automobile-rodmann.de\/?attachment_id=186#main'><img loading=\"lazy\" decoding=\"async\" width=\"150\" height=\"113\" src=\"https:\/\/www.automobile-rodmann.de\/wp-content\/uploads\/2015\/02\/20140829_144040.jpg\" class=\"attachment-thumbnail size-thumbnail\" alt=\"\" \/><\/a>\n\t\t\t<\/dt><\/dl><br style=\"clear: both\" \/><dl class='gallery-item'>\n\t\t\t<dt class='gallery-icon landscape'>\n\t\t\t\t<a href='https:\/\/www.automobile-rodmann.de\/?attachment_id=189#main'><img loading=\"lazy\" decoding=\"async\" width=\"150\" height=\"113\" src=\"https:\/\/www.automobile-rodmann.de\/wp-content\/uploads\/2015\/02\/20140905_164603.jpg\" class=\"attachment-thumbnail size-thumbnail\" alt=\"\" \/><\/a>\n\t\t\t<\/dt><\/dl><dl class='gallery-item'>\n\t\t\t<dt class='gallery-icon landscape'>\n\t\t\t\t<a href='https:\/\/www.automobile-rodmann.de\/?attachment_id=207#main'><img loading=\"lazy\" decoding=\"async\" width=\"150\" height=\"113\" src=\"https:\/\/www.automobile-rodmann.de\/wp-content\/uploads\/2015\/02\/20150220_152628.jpg\" class=\"attachment-thumbnail size-thumbnail\" alt=\"\" \/><\/a>\n\t\t\t<\/dt><\/dl>\n\t\t\t<br style='clear: both' \/>\n\t\t<\/div>\n\n<p><a href=\"https:\/\/www.automobile-rodmann.de\/wp-content\/uploads\/2015\/02\/PicsArt_1436468027803.jpg\"><img loading=\"lazy\" decoding=\"async\" class=\"alignnone  wp-image-230\" src=\"https:\/\/www.automobile-rodmann.de\/wp-content\/uploads\/2015\/02\/PicsArt_1436468027803-300x225.jpg\" alt=\"PicsArt_1436468027803\" width=\"217\" height=\"163\" srcset=\"https:\/\/www.automobile-rodmann.de\/wp-content\/uploads\/2015\/02\/PicsArt_1436468027803-300x225.jpg 300w, https:\/\/www.automobile-rodmann.de\/wp-content\/uploads\/2015\/02\/PicsArt_1436468027803-1024x768.jpg 1024w\" sizes=\"auto, (max-width: 217px) 100vw, 217px\" \/><\/a><\/p>\n<p><a href=\"https:\/\/www.automobile-rodmann.de\/wp-content\/uploads\/2015\/02\/PicsArt_1437738655695.jpg\"><img loading=\"lazy\" decoding=\"async\" class=\"alignnone  wp-image-233\" src=\"https:\/\/www.automobile-rodmann.de\/wp-content\/uploads\/2015\/02\/PicsArt_1437738655695-300x225.jpg\" alt=\"PicsArt_1437738655695\" width=\"228\" height=\"171\" srcset=\"https:\/\/www.automobile-rodmann.de\/wp-content\/uploads\/2015\/02\/PicsArt_1437738655695-300x225.jpg 300w, https:\/\/www.automobile-rodmann.de\/wp-content\/uploads\/2015\/02\/PicsArt_1437738655695-1024x768.jpg 1024w\" sizes=\"auto, (max-width: 228px) 100vw, 228px\" \/> \u00a0 \u00a0 \u00a0 <\/a><a href=\"https:\/\/www.automobile-rodmann.de\/wp-content\/uploads\/2015\/02\/20160721_194615.jpg\"><img loading=\"lazy\" decoding=\"async\" class=\"alignnone size-medium wp-image-291\" src=\"https:\/\/www.automobile-rodmann.de\/wp-content\/uploads\/2015\/02\/20160721_194615-300x169.jpg\" alt=\"20160721_194615\" width=\"300\" height=\"169\" srcset=\"https:\/\/www.automobile-rodmann.de\/wp-content\/uploads\/2015\/02\/20160721_194615-300x169.jpg 300w, https:\/\/www.automobile-rodmann.de\/wp-content\/uploads\/2015\/02\/20160721_194615-1024x576.jpg 1024w, https:\/\/www.automobile-rodmann.de\/wp-content\/uploads\/2015\/02\/20160721_194615.jpg 1800w\" sizes=\"auto, (max-width: 300px) 100vw, 300px\" \/><\/a><a href=\"https:\/\/www.automobile-rodmann.de\/wp-content\/uploads\/2015\/02\/20160919_172837.jpg\"><img loading=\"lazy\" decoding=\"async\" class=\"alignnone  wp-image-292\" src=\"https:\/\/www.automobile-rodmann.de\/wp-content\/uploads\/2015\/02\/20160919_172837-300x225.jpg\" alt=\"20160919_172837\" width=\"259\" height=\"194\" srcset=\"https:\/\/www.automobile-rodmann.de\/wp-content\/uploads\/2015\/02\/20160919_172837-300x225.jpg 300w, https:\/\/www.automobile-rodmann.de\/wp-content\/uploads\/2015\/02\/20160919_172837-1024x768.jpg 1024w, https:\/\/www.automobile-rodmann.de\/wp-content\/uploads\/2015\/02\/20160919_172837.jpg 1800w\" sizes=\"auto, (max-width: 259px) 100vw, 259px\" \/><\/a><a href=\"https:\/\/www.automobile-rodmann.de\/wp-content\/uploads\/2015\/02\/20160919_172837.jpg\"> \u00a0 \u00a0 \u00a0 <\/a><a href=\"https:\/\/www.automobile-rodmann.de\/wp-content\/uploads\/2015\/02\/20160924_132559.jpg\"><img loading=\"lazy\" decoding=\"async\" class=\"alignnone  wp-image-293\" src=\"https:\/\/www.automobile-rodmann.de\/wp-content\/uploads\/2015\/02\/20160924_132559-300x225.jpg\" alt=\"20160924_132559\" width=\"260\" height=\"195\" srcset=\"https:\/\/www.automobile-rodmann.de\/wp-content\/uploads\/2015\/02\/20160924_132559-300x225.jpg 300w, https:\/\/www.automobile-rodmann.de\/wp-content\/uploads\/2015\/02\/20160924_132559-1024x768.jpg 1024w, https:\/\/www.automobile-rodmann.de\/wp-content\/uploads\/2015\/02\/20160924_132559.jpg 1800w\" sizes=\"auto, (max-width: 260px) 100vw, 260px\" \/><\/a><a href=\"https:\/\/www.automobile-rodmann.de\/wp-content\/uploads\/2015\/02\/20161008_113016.jpg\"><img loading=\"lazy\" decoding=\"async\" class=\"alignnone  wp-image-294\" src=\"https:\/\/www.automobile-rodmann.de\/wp-content\/uploads\/2015\/02\/20161008_113016-300x225.jpg\" alt=\"20161008_113016\" width=\"273\" height=\"205\" srcset=\"https:\/\/www.automobile-rodmann.de\/wp-content\/uploads\/2015\/02\/20161008_113016-300x225.jpg 300w, https:\/\/www.automobile-rodmann.de\/wp-content\/uploads\/2015\/02\/20161008_113016-1024x768.jpg 1024w, https:\/\/www.automobile-rodmann.de\/wp-content\/uploads\/2015\/02\/20161008_113016.jpg 1800w\" sizes=\"auto, (max-width: 273px) 100vw, 273px\" \/><\/a><a href=\"https:\/\/www.automobile-rodmann.de\/wp-content\/uploads\/2015\/02\/20170422_154851.jpg\"><img loading=\"lazy\" decoding=\"async\" class=\"wp-image-295 alignright\" src=\"https:\/\/www.automobile-rodmann.de\/wp-content\/uploads\/2015\/02\/20170422_154851-300x169.jpg\" alt=\"20170422_154851\" width=\"275\" height=\"155\" srcset=\"https:\/\/www.automobile-rodmann.de\/wp-content\/uploads\/2015\/02\/20170422_154851-300x169.jpg 300w, https:\/\/www.automobile-rodmann.de\/wp-content\/uploads\/2015\/02\/20170422_154851-1024x576.jpg 1024w, https:\/\/www.automobile-rodmann.de\/wp-content\/uploads\/2015\/02\/20170422_154851.jpg 1800w\" sizes=\"auto, (max-width: 275px) 100vw, 275px\" \/><\/a><a href=\"https:\/\/www.automobile-rodmann.de\/wp-content\/uploads\/2015\/02\/20170926_150718.jpg\"><img loading=\"lazy\" decoding=\"async\" class=\"alignnone  wp-image-297\" src=\"https:\/\/www.automobile-rodmann.de\/wp-content\/uploads\/2015\/02\/20170926_150718-300x169.jpg\" alt=\"20170926_150718\" width=\"263\" height=\"148\" srcset=\"https:\/\/www.automobile-rodmann.de\/wp-content\/uploads\/2015\/02\/20170926_150718-300x169.jpg 300w, https:\/\/www.automobile-rodmann.de\/wp-content\/uploads\/2015\/02\/20170926_150718-1024x576.jpg 1024w, https:\/\/www.automobile-rodmann.de\/wp-content\/uploads\/2015\/02\/20170926_150718.jpg 1800w\" sizes=\"auto, (max-width: 263px) 100vw, 263px\" \/>\u00a0 <\/a><a href=\"https:\/\/www.automobile-rodmann.de\/wp-content\/uploads\/2020\/03\/20180906_155123.jpg\"><img loading=\"lazy\" decoding=\"async\" class=\"wp-image-365 alignright\" src=\"https:\/\/www.automobile-rodmann.de\/wp-content\/uploads\/2020\/03\/20180906_155123-300x225.jpg\" alt=\"\" width=\"240\" height=\"180\" srcset=\"https:\/\/www.automobile-rodmann.de\/wp-content\/uploads\/2020\/03\/20180906_155123-300x225.jpg 300w, https:\/\/www.automobile-rodmann.de\/wp-content\/uploads\/2020\/03\/20180906_155123-768x576.jpg 768w, https:\/\/www.automobile-rodmann.de\/wp-content\/uploads\/2020\/03\/20180906_155123-1024x768.jpg 1024w\" sizes=\"auto, (max-width: 240px) 100vw, 240px\" \/><\/a><\/p>\n<p><a href=\"https:\/\/www.automobile-rodmann.de\/wp-content\/uploads\/2020\/03\/20181002_154734-1.jpg\"><img loading=\"lazy\" decoding=\"async\" class=\"alignnone  wp-image-364\" src=\"https:\/\/www.automobile-rodmann.de\/wp-content\/uploads\/2020\/03\/20181002_154734-1-300x225.jpg\" alt=\"\" width=\"255\" height=\"191\" srcset=\"https:\/\/www.automobile-rodmann.de\/wp-content\/uploads\/2020\/03\/20181002_154734-1-300x225.jpg 300w, https:\/\/www.automobile-rodmann.de\/wp-content\/uploads\/2020\/03\/20181002_154734-1-768x576.jpg 768w, https:\/\/www.automobile-rodmann.de\/wp-content\/uploads\/2020\/03\/20181002_154734-1-1024x768.jpg 1024w\" sizes=\"auto, (max-width: 255px) 100vw, 255px\" \/><\/a><\/p>\n<p>Gro\u00dfer Dank gilt den Models und nat\u00fcrlich unseren Fotografen<a href=\"https:\/\/www.photography-seidel.de\/\"> Danny Seidel Photography<\/a><\/p>\n<p><a href=\"https:\/\/www.automobile-rodmann.de\/wp-content\/uploads\/2015\/01\/Flyer-front-web.jpg\"><img loading=\"lazy\" decoding=\"async\" class=\"alignnone size-medium wp-image-278\" src=\"https:\/\/www.automobile-rodmann.de\/wp-content\/uploads\/2015\/01\/Flyer-front-web-300x146.jpg\" alt=\"\" width=\"300\" height=\"146\" srcset=\"https:\/\/www.automobile-rodmann.de\/wp-content\/uploads\/2015\/01\/Flyer-front-web-300x146.jpg 300w, https:\/\/www.automobile-rodmann.de\/wp-content\/uploads\/2015\/01\/Flyer-front-web.jpg 843w\" sizes=\"auto, (max-width: 300px) 100vw, 300px\" \/><\/a><\/p>\n<h2><span style=\"color: #ff0000;\">Fahrzeuge aus unserem Hause<br \/>\n<\/span><\/h2>\n<div id='gallery-2' class='gallery galleryid-181 gallery-columns-3 gallery-size-thumbnail'><dl class='gallery-item'>\n\t\t\t<dt class='gallery-icon landscape'>\n\t\t\t\t<a href='https:\/\/www.automobile-rodmann.de\/?attachment_id=224#main'><img loading=\"lazy\" decoding=\"async\" width=\"150\" height=\"150\" src=\"https:\/\/www.automobile-rodmann.de\/wp-content\/uploads\/2015\/02\/20150404_125846-150x150.jpg\" class=\"attachment-thumbnail size-thumbnail\" alt=\"\" aria-describedby=\"gallery-2-224\" srcset=\"https:\/\/www.automobile-rodmann.de\/wp-content\/uploads\/2015\/02\/20150404_125846-150x150.jpg 150w, https:\/\/www.automobile-rodmann.de\/wp-content\/uploads\/2015\/02\/20150404_125846-160x160.jpg 160w\" sizes=\"auto, (max-width: 150px) 100vw, 150px\" \/><\/a>\n\t\t\t<\/dt>\n\t\t\t\t<dd class='wp-caption-text gallery-caption' id='gallery-2-224'>\n\t\t\t\tNeuzugang 2015 Ford Mustang GT 500- Shelby\n\t\t\t\t<\/dd><\/dl>\n\t\t\t<br style='clear: both' \/>\n\t\t<\/div>\n\n<p><a href=\"https:\/\/www.automobile-rodmann.de\/wp-content\/uploads\/2015\/02\/IMG_20140406_1237521.jpg\"><img loading=\"lazy\" decoding=\"async\" class=\"alignnone size-medium wp-image-236\" src=\"https:\/\/www.automobile-rodmann.de\/wp-content\/uploads\/2015\/02\/IMG_20140406_1237521-300x195.jpg\" alt=\"IMG_20140406_123752\" width=\"300\" height=\"195\" srcset=\"https:\/\/www.automobile-rodmann.de\/wp-content\/uploads\/2015\/02\/IMG_20140406_1237521-300x195.jpg 300w, https:\/\/www.automobile-rodmann.de\/wp-content\/uploads\/2015\/02\/IMG_20140406_1237521-1024x666.jpg 1024w\" sizes=\"auto, (max-width: 300px) 100vw, 300px\" \/><\/a><\/p>\n<p><a href=\"https:\/\/www.automobile-rodmann.de\/wp-content\/uploads\/2015\/02\/20170603_134445.jpg\"><img loading=\"lazy\" decoding=\"async\" class=\"alignnone size-medium wp-image-296\" src=\"https:\/\/www.automobile-rodmann.de\/wp-content\/uploads\/2015\/02\/20170603_134445-300x169.jpg\" alt=\"20170603_134445\" width=\"300\" height=\"169\" srcset=\"https:\/\/www.automobile-rodmann.de\/wp-content\/uploads\/2015\/02\/20170603_134445-300x169.jpg 300w, https:\/\/www.automobile-rodmann.de\/wp-content\/uploads\/2015\/02\/20170603_134445-1024x576.jpg 1024w, https:\/\/www.automobile-rodmann.de\/wp-content\/uploads\/2015\/02\/20170603_134445.jpg 1800w\" sizes=\"auto, (max-width: 300px) 100vw, 300px\" \/><\/a><\/p>\n","protected":false},"excerpt":{"rendered":"<p>Allgemein werden unter Tuning neben Ver\u00e4nderungen am Motor auch Ver\u00e4nderungen verstanden, die die Fahrwerkeigenschaften und reine Designaspekte (Karosserieform und -farbe) betreffen. Unternehmen, die professionell Fahrzeugtuning anbieten, werden allgemein als Fahrzeugtuner oder einfach Tuner bezeichnet. F\u00fcr weitreichende Eingriffe in Motorisierung und\/oder Karosserie in Verbindung mit umfangreichen Individualanfertigungen wird mittlerweile auch im deutschsprachigen Raum der in den [&hellip;]<\/p>\n","protected":false},"author":2,"featured_media":0,"parent":0,"menu_order":7,"comment_status":"closed","ping_status":"closed","template":"","meta":{"footnotes":""},"class_list":["post-181","page","type-page","status-publish","hentry","no-thumb"],"_links":{"self":[{"href":"https:\/\/www.automobile-rodmann.de\/index.php?rest_route=\/wp\/v2\/pages\/181","targetHints":{"allow":["GET"]}}],"collection":[{"href":"https:\/\/www.automobile-rodmann.de\/index.php?rest_route=\/wp\/v2\/pages"}],"about":[{"href":"https:\/\/www.automobile-rodmann.de\/index.php?rest_route=\/wp\/v2\/types\/page"}],"author":[{"embeddable":true,"href":"https:\/\/www.automobile-rodmann.de\/index.php?rest_route=\/wp\/v2\/users\/2"}],"replies":[{"embeddable":true,"href":"https:\/\/www.automobile-rodmann.de\/index.php?rest_route=%2Fwp%2Fv2%2Fcomments&post=181"}],"version-history":[{"count":26,"href":"https:\/\/www.automobile-rodmann.de\/index.php?rest_route=\/wp\/v2\/pages\/181\/revisions"}],"predecessor-version":[{"id":414,"href":"https:\/\/www.automobile-rodmann.de\/index.php?rest_route=\/wp\/v2\/pages\/181\/revisions\/414"}],"wp:attachment":[{"href":"https:\/\/www.automobile-rodmann.de\/index.php?rest_route=%2Fwp%2Fv2%2Fmedia&parent=181"}],"curies":[{"name":"wp","href":"https:\/\/api.w.org\/{rel}","templated":true}]}}